{"id":612,"date":"2025-12-29T18:09:47","date_gmt":"2025-12-29T18:09:47","guid":{"rendered":"https:\/\/musik.martha-pfaffeneder.com\/?page_id=612"},"modified":"2025-12-29T18:09:47","modified_gmt":"2025-12-29T18:09:47","slug":"presse-hildegard-knef-fuer-mich-solls-rote-rosen-regnen-2","status":"publish","type":"page","link":"https:\/\/musik.martha-pfaffeneder.com\/?page_id=612","title":{"rendered":"Presse | Hildegard Knef: F\u00fcr mich soll\u00b4s rote Rosen regnen"},"content":{"rendered":"\n<p>\u201eDie Hilde von der Donau\u201c Gastspiel: Wiener S\u00e4ngerin interpretiert die Knef.<br>Lieder, Lebensepisoden und Ausz\u00fcge ihrer Biographie bestimmten das Programm des Abends im B\u00fcrgerhaus Hanns Eisler. In die Rolle des schillernden UFA- Stars schl\u00fcpfte die S\u00e4ngerin Martha Pfaffeneder\u00a0und w\u00fcrdigt die Knef als vielseitige Darstellerin, privat als warmherzige und pragmatische Frau.<br>Jens Karsten Stoll begleitet sie bravour\u00f6s und eigensinnig am Klavier und tritt gleichzeitig mit sonorer Stimme als Erz\u00e4hler der wichtigsten Stationen im Leben der Diva auf: \u201e\u2026 die Knef war keine \u201aNur-Schauspielerin\u2019 oder nur im Showbusiness t\u00e4tig, sie war eine \u201aSelfmadewoman\u2019, die ihre eigenen Liedtexte, Gedichte und\u00a0Biographien: \u201aDer geschenkte Gaul\u2019, \u201aDas Urteil\u2019 schrieb\u201c. <br>&#8230; das Publikum war begeistert.<br>(MAZ Dahme \u2013 Kurier)<\/p>\n\n\n\n<p>&nbsp;\u201eIch fand den Abend und Ihren Auftritt nachhaltig beeindruckend. Sie Beide sind ein gutes Team \u2013&nbsp;musikalisch eine gro\u00dfe Freude, \u201eKnefgerecht\u201c.<br>(B\u00fcrgerhaus Hennigsdorf)<\/p>\n\n\n\n<p>\u201eEin unvergesslicher Abend- Sie haben mir unser \u201aHildchen\u2019 wieder aufleben lassen und viele Erinnerungen geschenkt. Als echte Berlinerinnen haben meine Freundin und ich nat\u00fcrlich mitgesungen. Sie haben das wirklich toll gemacht mit Ihrem Partner, die Knef nicht kopiert und trotzdem war alles so echt\u201c\u2026<br>(Anja Schulze \u2013 Alte Dorfschule Rudow)&nbsp;<\/p>\n\n\n\n<p>Bad Freienwalde: Die letzte deutsche Diva, dargestellt von einer \u00d6sterreichischen aus Wien: Martha Pfaffeneder riss mit ihrem Hildegard-Knef-Programm &#8222;Das Gl\u00fcck kennt nur Minuten&#8220; das Bad Freienwalder Publikum in der Konzerthalle St.\u00a0Georg hin. Mit ihrem Nicht-nur-Pianisten Jens-Karsten Stoll am Fl\u00fcgel bl\u00e4tterte sie das Buch des Lebens der Knef, die die Berliner liebevoll ihr Hildchen nannten, auf. Dieses Buch beginnt mit einem Karrierestart noch an der UFA kurz vor Kriegsende, und es verschweigt nicht, dass die Liaison mit dem &#8222;Reichsfilmdramaturgen&#8220; das ihre dazu beigetragen hatte. Beide K\u00fcnstler schlagen die Hochglanzseiten und die von Melancholie und Krankheit durchzogenen auf. Mit Liedern und Anekdoten aus einem Leben zwischen Berlin, Hollywood und New Yorks Broadway zeichnen sie die H\u00f6hen und Tiefen nach.<br>Martha Pfaffeneder, die vor zwei Jahren bei einem Zarah-Leander-Abend an gleicher Stelle mit einer gutturalen Alt-Stimme zu brillieren wusste, beherrscht auch das kehlig-rauchige Timbre der Knef, von der Jazz-Legende Ella Fitzgerald einst sagte, sie sei die gr\u00f6\u00dfte S\u00e4ngerin ohne Stimme. Dass sie ihr wechselvolles Leben intensiv und poetisch reflektierte, machen die vielen vertonten Gedichte deutlich, mit denen sie in der deutschen Schlagerszene ab Mitte der 1960er-Jahre recht erfolgreich war.<br>Das Gastspiel von Martha Pfaffeneder und Jens-Karsten Stoll l\u00e4sst die Besucher viel Wissenswertes aus dem Leben der Knef erfahren und holt popul\u00e4re und auch l\u00e4ngst vergessene Lieder zur\u00fcck in die Erinnerung. Es erlebt in der Konzerthalle in St.\u00a0Georg zwei Zugaben und heftigen Applaus.<br>(Jens Sell, Bad Freienwalde [MOZ])<\/p>\n","protected":false},"excerpt":{"rendered":"<p>\u201eDie Hilde von der Donau\u201c Gastspiel: Wiener S\u00e4ngerin interpretiert die Knef.Lieder, Lebensepisoden und Ausz\u00fcge ihrer Biographie bestimmten das Programm des Abends im B\u00fcrgerhaus Hanns Eisler. In die Rolle des schillernden UFA- Stars schl\u00fcpfte die S\u00e4ngerin Martha Pfaffeneder\u00a0und w\u00fcrdigt die Knef als vielseitige Darstellerin, privat als warmherzige und pragmatische Frau.Jens Karsten Stoll begleitet sie bravour\u00f6s und &hellip; <\/p>\n<p class=\"link-more\"><a href=\"https:\/\/musik.martha-pfaffeneder.com\/?page_id=612\" class=\"more-link\">Mehr <span class=\"screen-reader-text\">\u00fcber &#8222;Presse | Hildegard Knef: F\u00fcr mich soll\u00b4s rote Rosen regnen&#8220; <\/span>Lesen<\/a><\/p>\n","protected":false},"author":1,"featured_media":0,"parent":0,"menu_order":0,"comment_status":"closed","ping_status":"closed","template":"","meta":{"_inspiro_hide_title":false,"footnotes":""},"class_list":["post-612","page","type-page","status-publish","hentry"],"_links":{"self":[{"href":"https:\/\/musik.martha-pfaffeneder.com\/index.php?rest_route=\/wp\/v2\/pages\/612","targetHints":{"allow":["GET"]}}],"collection":[{"href":"https:\/\/musik.martha-pfaffeneder.com\/index.php?rest_route=\/wp\/v2\/pages"}],"about":[{"href":"https:\/\/musik.martha-pfaffeneder.com\/index.php?rest_route=\/wp\/v2\/types\/page"}],"author":[{"embeddable":true,"href":"https:\/\/musik.martha-pfaffeneder.com\/index.php?rest_route=\/wp\/v2\/users\/1"}],"replies":[{"embeddable":true,"href":"https:\/\/musik.martha-pfaffeneder.com\/index.php?rest_route=%2Fwp%2Fv2%2Fcomments&post=612"}],"version-history":[{"count":1,"href":"https:\/\/musik.martha-pfaffeneder.com\/index.php?rest_route=\/wp\/v2\/pages\/612\/revisions"}],"predecessor-version":[{"id":613,"href":"https:\/\/musik.martha-pfaffeneder.com\/index.php?rest_route=\/wp\/v2\/pages\/612\/revisions\/613"}],"wp:attachment":[{"href":"https:\/\/musik.martha-pfaffeneder.com\/index.php?rest_route=%2Fwp%2Fv2%2Fmedia&parent=612"}],"curies":[{"name":"wp","href":"https:\/\/api.w.org\/{rel}","templated":true}]}}