{"id":182,"date":"2025-12-11T17:17:57","date_gmt":"2025-12-11T17:17:57","guid":{"rendered":"https:\/\/musik.martha-pfaffeneder.com\/?page_id=182"},"modified":"2026-01-21T09:39:10","modified_gmt":"2026-01-21T09:39:10","slug":"die-liebe-ein-gar-seltsames-spiel","status":"publish","type":"page","link":"https:\/\/musik.martha-pfaffeneder.com\/?page_id=182","title":{"rendered":"Die Liebe, ein gar seltsames Spiel"},"content":{"rendered":"\n<div class=\"wp-block-media-text is-stacked-on-mobile\" style=\"grid-template-columns:35% auto\"><figure class=\"wp-block-media-text__media\"><img loading=\"lazy\" decoding=\"async\" width=\"450\" height=\"272\" src=\"https:\/\/musik.martha-pfaffeneder.com\/wp-content\/uploads\/2025\/12\/dieliebe-3.jpg\" alt=\"\" class=\"wp-image-183 size-full\" srcset=\"https:\/\/musik.martha-pfaffeneder.com\/wp-content\/uploads\/2025\/12\/dieliebe-3.jpg 450w, https:\/\/musik.martha-pfaffeneder.com\/wp-content\/uploads\/2025\/12\/dieliebe-3-300x181.jpg 300w\" sizes=\"auto, (max-width: 450px) 100vw, 450px\" \/><\/figure><div class=\"wp-block-media-text__content\">\n<p><em>Wirrungen, Irrungen und anderes Erbauliches<\/em><\/p>\n<\/div><\/div>\n\n\n\n<p><strong>Feurige Lieder und Schlager<\/strong><br>Romantische bis kecke Geschichten rund um das wichtigste Thema der Menschen: die Liebe<\/p>\n\n\n\n<p>Heitere Liebesbekundungen und sehnsuchtsvolles Schw\u00e4rmen. M\u00e4nner? Frauen?<br>Was hat sich der Herrgott bei dieser unm\u00f6glichen Kombination gedacht?<\/p>\n\n\n\n<p><strong>Liedausz\u00fcge<\/strong><\/p>\n\n\n\n<ul class=\"wp-block-list\">\n<li>Warum soll eine Frau kein Verh\u00e4ltnis haben<\/li>\n\n\n\n<li>F\u00fcr dich solls rote Rosen regnen<\/li>\n\n\n\n<li>Eins und eins<\/li>\n\n\n\n<li>Nehmen\u00b4S einen Alten<\/li>\n\n\n\n<li>Er hei\u00dft Waldemar<\/li>\n\n\n\n<li>Es muss was Wunderbares sein<\/li>\n\n\n\n<li>Trinke Liebchen, trinke schnell, u.v.a.<\/li>\n<\/ul>\n\n\n\n<p>Geschichten von Kurt Tucholsky, G\u00fcnter Neumann, Heinrich Heine, Rudolf Nelson, Trude Marzik, Jakob Michael Reinhold Lenz, etc.<\/p>\n\n\n\n<p><strong><strong>Text und Gesang: Martha Pfaffeneder<br>Klavier: Chris Schachnowski<\/strong><\/strong><\/p>\n\n\n\n<p>Dauer: 60 Minuten<\/p>\n\n\n\n<figure class=\"wp-block-gallery has-nested-images columns-default is-cropped wp-block-gallery-1 is-layout-flex wp-block-gallery-is-layout-flex\">\n<figure class=\"wp-block-image size-large\"><img loading=\"lazy\" decoding=\"async\" width=\"315\" height=\"433\" data-id=\"186\" src=\"https:\/\/musik.martha-pfaffeneder.com\/wp-content\/uploads\/2025\/12\/liebe_seltsam_450.jpg\" alt=\"\" class=\"wp-image-186\" srcset=\"https:\/\/musik.martha-pfaffeneder.com\/wp-content\/uploads\/2025\/12\/liebe_seltsam_450.jpg 315w, https:\/\/musik.martha-pfaffeneder.com\/wp-content\/uploads\/2025\/12\/liebe_seltsam_450-218x300.jpg 218w\" sizes=\"auto, (max-width: 315px) 100vw, 315px\" \/><\/figure>\n\n\n\n<figure class=\"wp-block-image size-large\"><img loading=\"lazy\" decoding=\"async\" width=\"1024\" height=\"694\" data-id=\"184\" src=\"https:\/\/musik.martha-pfaffeneder.com\/wp-content\/uploads\/2025\/12\/platzhalter-2-1024x694.jpg\" alt=\"\" class=\"wp-image-184\" srcset=\"https:\/\/musik.martha-pfaffeneder.com\/wp-content\/uploads\/2025\/12\/platzhalter-2-1024x694.jpg 1024w, https:\/\/musik.martha-pfaffeneder.com\/wp-content\/uploads\/2025\/12\/platzhalter-2-300x203.jpg 300w, https:\/\/musik.martha-pfaffeneder.com\/wp-content\/uploads\/2025\/12\/platzhalter-2.jpg 1069w\" sizes=\"auto, (max-width: 1024px) 100vw, 1024px\" \/><\/figure>\n\n\n\n<figure class=\"wp-block-image size-large\"><img loading=\"lazy\" decoding=\"async\" width=\"1024\" height=\"694\" data-id=\"185\" src=\"https:\/\/musik.martha-pfaffeneder.com\/wp-content\/uploads\/2025\/12\/platzhalter01-1-1024x694.jpg\" alt=\"\" class=\"wp-image-185\" srcset=\"https:\/\/musik.martha-pfaffeneder.com\/wp-content\/uploads\/2025\/12\/platzhalter01-1-1024x694.jpg 1024w, https:\/\/musik.martha-pfaffeneder.com\/wp-content\/uploads\/2025\/12\/platzhalter01-1-300x203.jpg 300w, https:\/\/musik.martha-pfaffeneder.com\/wp-content\/uploads\/2025\/12\/platzhalter01-1.jpg 1069w\" sizes=\"auto, (max-width: 1024px) 100vw, 1024px\" \/><\/figure>\n<\/figure>\n\n\n\n<p><a href=\"https:\/\/musik.martha-pfaffeneder.com\/wp-content\/uploads\/2026\/liebe.pdf\" target=\"_blank\" rel=\"noreferrer noopener\">Plakat <\/a>downloaden<\/p>\n\n\n\n<figure class=\"wp-block-image size-full\"><img loading=\"lazy\" decoding=\"async\" width=\"302\" height=\"427\" src=\"https:\/\/musik.martha-pfaffeneder.com\/wp-content\/uploads\/2026\/01\/liebe_klein.jpg\" alt=\"\" class=\"wp-image-680\" srcset=\"https:\/\/musik.martha-pfaffeneder.com\/wp-content\/uploads\/2026\/01\/liebe_klein.jpg 302w, https:\/\/musik.martha-pfaffeneder.com\/wp-content\/uploads\/2026\/01\/liebe_klein-212x300.jpg 212w\" sizes=\"auto, (max-width: 302px) 100vw, 302px\" \/><\/figure>\n","protected":false},"excerpt":{"rendered":"<p>Wirrungen, Irrungen und anderes Erbauliches Feurige Lieder und SchlagerRomantische bis kecke Geschichten rund um das wichtigste Thema der Menschen: die Liebe Heitere Liebesbekundungen und sehnsuchtsvolles Schw\u00e4rmen. M\u00e4nner? Frauen?Was hat sich der Herrgott bei dieser unm\u00f6glichen Kombination gedacht? Liedausz\u00fcge Geschichten von Kurt Tucholsky, G\u00fcnter Neumann, Heinrich Heine, Rudolf Nelson, Trude Marzik, Jakob Michael Reinhold Lenz, etc. &hellip; <\/p>\n<p class=\"link-more\"><a href=\"https:\/\/musik.martha-pfaffeneder.com\/?page_id=182\" class=\"more-link\">Mehr <span class=\"screen-reader-text\">\u00fcber &#8222;Die Liebe, ein gar seltsames Spiel&#8220; <\/span>Lesen<\/a><\/p>\n","protected":false},"author":1,"featured_media":0,"parent":0,"menu_order":0,"comment_status":"closed","ping_status":"closed","template":"","meta":{"_inspiro_hide_title":false,"footnotes":""},"class_list":["post-182","page","type-page","status-publish","hentry"],"_links":{"self":[{"href":"https:\/\/musik.martha-pfaffeneder.com\/index.php?rest_route=\/wp\/v2\/pages\/182","targetHints":{"allow":["GET"]}}],"collection":[{"href":"https:\/\/musik.martha-pfaffeneder.com\/index.php?rest_route=\/wp\/v2\/pages"}],"about":[{"href":"https:\/\/musik.martha-pfaffeneder.com\/index.php?rest_route=\/wp\/v2\/types\/page"}],"author":[{"embeddable":true,"href":"https:\/\/musik.martha-pfaffeneder.com\/index.php?rest_route=\/wp\/v2\/users\/1"}],"replies":[{"embeddable":true,"href":"https:\/\/musik.martha-pfaffeneder.com\/index.php?rest_route=%2Fwp%2Fv2%2Fcomments&post=182"}],"version-history":[{"count":4,"href":"https:\/\/musik.martha-pfaffeneder.com\/index.php?rest_route=\/wp\/v2\/pages\/182\/revisions"}],"predecessor-version":[{"id":682,"href":"https:\/\/musik.martha-pfaffeneder.com\/index.php?rest_route=\/wp\/v2\/pages\/182\/revisions\/682"}],"wp:attachment":[{"href":"https:\/\/musik.martha-pfaffeneder.com\/index.php?rest_route=%2Fwp%2Fv2%2Fmedia&parent=182"}],"curies":[{"name":"wp","href":"https:\/\/api.w.org\/{rel}","templated":true}]}}